{"id":5384,"date":"2023-10-12T11:10:10","date_gmt":"2023-10-12T09:10:10","guid":{"rendered":"https:\/\/lartdunrien.ch\/shop\/best-of-switzerland-bread-knife\/"},"modified":"2023-11-18T01:28:08","modified_gmt":"2023-11-18T00:28:08","slug":"best-of-switzerland-bread-knife","status":"publish","type":"product","link":"https:\/\/www.lartdunrien.ch\/en\/shop\/best-of-switzerland-bread-knife\/","title":{"rendered":"&#8220;Best of Switzerland&#8221; bread knife"},"content":{"rendered":"<p>The &#8220;Best of Switzerland&#8221; bread knife features a mountain from each region of Switzerland on its blade.<\/p>\n<p>The mountains are : Monte Generoso, S\u00e4ntis, Piz Bernina, T\u00f6di, Stanserhorn, Titlis, Eiger, M\u00f6nch, Jungfrau, Dufourspitze, Matterhorn, Dents du Midi, and Mont Blanc.<\/p>\n<p>The blade is made of surgical steel, material designation AISI 440A, Rockwell hardness 54-55 HRC.<br \/>\nThe handle, made of walnut, is very pleasant to the touch.<\/p>\n<p>A handmade knife &#8211; made in Switzerland.<\/p>\n<p>&#8211; Care: Please hand wash!<br \/>\n&#8211; Dimensions: &#8211; Knife assembly: approx. 33.5 x 3.4 x 1.7 cm &#8211; Blade: approx. 21.4 x 3 x 0.2 cm<\/p>\n","protected":false},"excerpt":{"rendered":"<p>The &#8220;Best of Switzerland&#8221; bread knife features a mountain from each region of Switzerland on its blade.<\/p>\n","protected":false},"featured_media":5022,"comment_status":"open","ping_status":"closed","template":"","meta":[],"product_brand":[],"product_cat":[131,120],"product_tag":[144,134],"class_list":{"0":"post-5384","1":"product","2":"type-product","3":"status-publish","4":"has-post-thumbnail","6":"product_cat-knives","7":"product_cat-tableware","8":"product_tag-gifts-for-him","9":"product_tag-swiss-craftsmanship","11":"first","12":"instock","13":"taxable","14":"shipping-taxable","15":"purchasable","16":"product-type-simple"},"jetpack_sharing_enabled":true,"_links":{"self":[{"href":"https:\/\/www.lartdunrien.ch\/en\/wp-json\/wp\/v2\/product\/5384","targetHints":{"allow":["GET"]}}],"collection":[{"href":"https:\/\/www.lartdunrien.ch\/en\/wp-json\/wp\/v2\/product"}],"about":[{"href":"https:\/\/www.lartdunrien.ch\/en\/wp-json\/wp\/v2\/types\/product"}],"replies":[{"embeddable":true,"href":"https:\/\/www.lartdunrien.ch\/en\/wp-json\/wp\/v2\/comments?post=5384"}],"version-history":[{"count":0,"href":"https:\/\/www.lartdunrien.ch\/en\/wp-json\/wp\/v2\/product\/5384\/revisions"}],"wp:featuredmedia":[{"embeddable":true,"href":"https:\/\/www.lartdunrien.ch\/en\/wp-json\/wp\/v2\/media\/5022"}],"wp:attachment":[{"href":"https:\/\/www.lartdunrien.ch\/en\/wp-json\/wp\/v2\/media?parent=5384"}],"wp:term":[{"taxonomy":"product_brand","embeddable":true,"href":"https:\/\/www.lartdunrien.ch\/en\/wp-json\/wp\/v2\/product_brand?post=5384"},{"taxonomy":"product_cat","embeddable":true,"href":"https:\/\/www.lartdunrien.ch\/en\/wp-json\/wp\/v2\/product_cat?post=5384"},{"taxonomy":"product_tag","embeddable":true,"href":"https:\/\/www.lartdunrien.ch\/en\/wp-json\/wp\/v2\/product_tag?post=5384"}],"curies":[{"name":"wp","href":"https:\/\/api.w.org\/{rel}","templated":true}]}}